{"id":999,"date":"2026-04-16T09:33:27","date_gmt":"2026-04-16T08:33:27","guid":{"rendered":"https:\/\/virginietauteure.com\/?post_type=product&#038;p=999"},"modified":"2026-04-16T10:24:37","modified_gmt":"2026-04-16T09:24:37","slug":"saffranchir-du-passe-revival-ink-tome-2","status":"publish","type":"product","link":"https:\/\/virginietauteure.com\/?product=saffranchir-du-passe-revival-ink-tome-2","title":{"rendered":"S&rsquo;affranchir du pass\u00e9 &#8211; Revival Ink tome 2"},"content":{"rendered":"<h4><span class=\"a-text-bold\">Parfois, la solution pour s&rsquo;en sortir est juste sous notre nez. Il suffit d&rsquo;ouvrir les yeux.<\/span><\/h4>\n<p>Le Mondial du Tatouage, rien que \u00e7a ! Jimmy est encore plus frappadingue que moi. Je ne vois que cette hypoth\u00e8se pour expliquer sa d\u00e9cision. Mon ami et patron m\u2019a inscrit au concours le plus r\u00e9put\u00e9 et difficile du pays alors m\u00eame que je ne suis qu\u2019un b\u00e9b\u00e9 tatoueur. Je suis une Ferdo. OK, une pi\u00e8ce rapport\u00e9e Ferdo. Cela ne fait pas de moi une virtuose du dermographe \u00e0 l\u2019image de mon fr\u00e8re Shawn qui a bien plus d\u2019exp\u00e9rience que moi. Toutefois, je ne suis pas du genre \u00e0 me d\u00e9gonfler alors soit, je vais relever le d\u00e9fi. J\u2019ai laiss\u00e9 mon pass\u00e9 me g\u00e2cher la vie bien trop longtemps. Il est temps que je prenne ma vie en main pour m\u2019assurer un avenir. Je vais prouver \u00e0 tout le monde de quoi une putain de licorne est capable. Enfin, c\u2019est ce que j\u2019ai pens\u00e9 sur le coup. Puis j\u2019ai crois\u00e9 la route de Dany Fateli et tout est parti en vrille\u2026<\/p>\n","protected":false},"excerpt":{"rendered":"<p>Parfois, la solution pour s&rsquo;en sortir est juste sous notre nez. Il suffit d&rsquo;ouvrir les yeux. Le Mondial du Tatouage, rien que \u00e7a ! Jimmy est encore plus frappadingue que &hellip; <\/p>\n","protected":false},"featured_media":996,"comment_status":"open","ping_status":"closed","template":"","meta":[],"product_brand":[],"product_cat":[25,32],"product_tag":[],"class_list":{"0":"post-999","1":"product","2":"type-product","3":"status-publish","4":"has-post-thumbnail","6":"product_cat-ebook","7":"product_cat-revival-ink","9":"first","10":"instock","11":"downloadable","12":"shipping-taxable","13":"purchasable","14":"product-type-simple"},"jetpack-related-posts":[],"jetpack_sharing_enabled":true,"_links":{"self":[{"href":"https:\/\/virginietauteure.com\/index.php?rest_route=\/wp\/v2\/product\/999","targetHints":{"allow":["GET"]}}],"collection":[{"href":"https:\/\/virginietauteure.com\/index.php?rest_route=\/wp\/v2\/product"}],"about":[{"href":"https:\/\/virginietauteure.com\/index.php?rest_route=\/wp\/v2\/types\/product"}],"replies":[{"embeddable":true,"href":"https:\/\/virginietauteure.com\/index.php?rest_route=%2Fwp%2Fv2%2Fcomments&post=999"}],"wp:featuredmedia":[{"embeddable":true,"href":"https:\/\/virginietauteure.com\/index.php?rest_route=\/wp\/v2\/media\/996"}],"wp:attachment":[{"href":"https:\/\/virginietauteure.com\/index.php?rest_route=%2Fwp%2Fv2%2Fmedia&parent=999"}],"wp:term":[{"taxonomy":"product_brand","embeddable":true,"href":"https:\/\/virginietauteure.com\/index.php?rest_route=%2Fwp%2Fv2%2Fproduct_brand&post=999"},{"taxonomy":"product_cat","embeddable":true,"href":"https:\/\/virginietauteure.com\/index.php?rest_route=%2Fwp%2Fv2%2Fproduct_cat&post=999"},{"taxonomy":"product_tag","embeddable":true,"href":"https:\/\/virginietauteure.com\/index.php?rest_route=%2Fwp%2Fv2%2Fproduct_tag&post=999"}],"curies":[{"name":"wp","href":"https:\/\/api.w.org\/{rel}","templated":true}]}}